{"id":1949,"date":"2018-06-20T17:34:27","date_gmt":"2018-06-20T16:34:27","guid":{"rendered":"https:\/\/the7.io\/software-company\/?page_id=1949"},"modified":"2022-04-01T16:22:26","modified_gmt":"2022-04-01T14:22:26","slug":"beratung","status":"publish","type":"page","link":"https:\/\/italienisch-dolmetscherin.de\/it\/leistungen\/beratung\/","title":{"rendered":"Project management"},"content":{"rendered":"<div class=\"wpb-content-wrapper\"><div class=\"vc_row wpb_row vc_row-fluid vc_custom_1491748274178 vc_row-o-equal-height vc_row-o-content-middle vc_row-flex\"><div class=\"wpb_column vc_column_container vc_col-sm-12 vc_col-lg-offset-2 vc_col-lg-8 vc_col-md-offset-1 vc_col-md-10\"><div class=\"vc_column-inner\"><div class=\"wpb_wrapper\"><div id=\"ultimate-heading-365069d6500dba196\" class=\"uvc-heading ult-adjust-bottom-margin ultimate-heading-365069d6500dba196 uvc-4324 accent-border-color\" data-hspacer=\"line_only\"  data-halign=\"center\" style=\"text-align:center\"><div class=\"uvc-main-heading ult-responsive\"  data-ultimate-target='.uvc-heading.ultimate-heading-365069d6500dba196 h2'  data-responsive-json-new='{\"font-size\":\"desktop:44px;tablet_portrait:30px;\",\"line-height\":\"desktop:54px;tablet_portrait:40px;\"}' ><h2 style=\"font-weight:bold;margin-bottom:10px;\">Consulenza e project management<\/h2><\/div><div class=\"uvc-heading-spacer line_only\" style=\"margin-bottom:10px;height:5px;\"><span class=\"uvc-headings-line\" style=\"border-style:solid;border-bottom-width:5px;border-color:;width:120px;\"><\/span><\/div><div class=\"uvc-sub-heading ult-responsive\"  data-ultimate-target='.uvc-heading.ultimate-heading-365069d6500dba196 .uvc-sub-heading '  data-responsive-json-new='{\"font-size\":\"desktop:22px;mobile_landscape:16px;\",\"line-height\":\"desktop:32px;mobile_landscape:26px;\"}'  style=\"font-style:italic;font-weight:normal;color:#333333;margin-bottom:70px;\">Avete bisogno di assistenza nell\u2019organizzazione del vostro evento o nella traduzione di un documento in pi\u00f9 lingue?<\/div><\/div><\/div><\/div><\/div><div class=\"wpb_column vc_column_container vc_col-sm-12\"><div class=\"vc_column-inner\"><div class=\"wpb_wrapper\"><div class=\"vc_row wpb_row vc_inner vc_row-fluid vc_row-o-equal-height vc_row-o-content-middle vc_row-flex\"><div class=\"wpb_column vc_column_container vc_col-sm-6\"><div class=\"vc_column-inner vc_custom_1491746388981\"><div class=\"wpb_wrapper\"><style type=\"text\/css\" data-type=\"the7_shortcodes-inline-css\">.shortcode-single-image-wrap.shortcode-single-image-78b871e2bd94b03cd025ea5bd6153577.enable-bg-rollover .rollover i,\n.shortcode-single-image-wrap.shortcode-single-image-78b871e2bd94b03cd025ea5bd6153577.enable-bg-rollover .rollover-video i {\n  background: -webkit-linear-gradient();\n  background: linear-gradient();\n}\n.shortcode-single-image-wrap.shortcode-single-image-78b871e2bd94b03cd025ea5bd6153577 .rollover-icon {\n  font-size: 32px;\n  color: #ffffff;\n  min-width: 44px;\n  min-height: 44px;\n  line-height: 44px;\n  border-radius: 100px;\n  border-style: solid;\n  border-width: 0px;\n}\n.dt-icon-bg-on.shortcode-single-image-wrap.shortcode-single-image-78b871e2bd94b03cd025ea5bd6153577 .rollover-icon {\n  background: rgba(255,255,255,0.3);\n  box-shadow: none;\n}<\/style><div class=\"shortcode-single-image-wrap shortcode-single-image-78b871e2bd94b03cd025ea5bd6153577 alignnone  vc_custom_1642461383477 enable-bg-rollover dt-icon-bg-off\" ><div class=\"shortcode-single-image\"><div class=\"fancy-media-wrap  layzr-bg\" style=\"\"><img fetchpriority=\"high\" decoding=\"async\" class=\"preload-me lazy-load aspect\" src=\"data:image\/svg+xml,%3Csvg%20xmlns%3D&#39;http%3A%2F%2Fwww.w3.org%2F2000%2Fsvg&#39;%20viewBox%3D&#39;0%200%201000%20900&#39;%2F%3E\" data-src=\"https:\/\/italienisch-dolmetscherin.de\/wp-content\/uploads\/2021\/04\/Projektmanagement2-scaled-1000x900.jpg\" data-srcset=\"https:\/\/italienisch-dolmetscherin.de\/wp-content\/uploads\/2021\/04\/Projektmanagement2-scaled-1000x900.jpg 1000w, https:\/\/italienisch-dolmetscherin.de\/wp-content\/uploads\/2021\/04\/Projektmanagement2-scaled-1920x1728.jpg 1920w\" loading=\"eager\" sizes=\"(max-width: 1000px) 100vw, 1000px\" width=\"1000\" height=\"900\"  data-dt-location=\"https:\/\/italienisch-dolmetscherin.de\/it\/leistungen\/beratung\/projektmanagement2\/\" style=\"--ratio: 1000 \/ 900;\" alt=\"\" \/><\/div><\/div><\/div><\/div><\/div><\/div><div class=\"wpb_column vc_column_container vc_col-sm-6\"><div class=\"vc_column-inner vc_custom_1642461318548\"><div class=\"wpb_wrapper\">\n\t<div class=\"wpb_text_column wpb_content_element  vc_custom_1648822941853\" >\n\t\t<div class=\"wpb_wrapper\">\n\t\t\t<p class=\"font_8\">Oggigiorno ci si avvale spesso dell'inglese come lingua franca per comunicare con ospiti, partner commerciali e clienti stranieri. Spesso, per\u00f2, si riesce a esprimere solo ci\u00f2 che si riesce a dire con il proprio vocabolario inglese, rischiando di perdere dettagli e nuance.<\/p>\n<p class=\"font_8\"><span class=\"wixGuard\">\u200b<\/span>In questi casi \u00e8 utile avvalersi del <strong>supporto di un interprete o traduttore professionista<\/strong> in modo da garantire che i vostri partner commerciali e i vostri clienti <strong>recepiscano il messaggio cos\u00ec come lo volete<\/strong> trasmettere voi.<\/p>\n<p class=\"font_8\">In qualit\u00e0 di interprete di conferenza e traduttrice professionista<strong> sono in grado di fornirvi un team per il vostro evento o di coordinare il vostro progetto di traduzione multilingue<\/strong>. Come membro delle associazioni professionali <a href=\"https:\/\/aiic.org\/client\/roster\/clientRosterDetails.html?clientId=7856&amp;clientRosterId=47&amp;no_header=true&amp;name=Francesca-BIGLIERI\">aiic<\/a> e <a href=\"https:\/\/mitglieder.bdue.de\/F-Biglieri\" target=\"_blank\" rel=\"noopener\">BD\u00dc\/VKD<\/a> e di partnership di interpreti come <a href=\"http:\/\/www.interpreteam.com\/\" target=\"_blank\" rel=\"noopener\">www.interpreteam.com<\/a>\u00a0 o <a href=\"http:\/\/www.ebr-dolmetschen.de\/\" target=\"_blank\" rel=\"noopener\">www.ebr-dolmetschen.de<\/a>posso contare su una <strong>rete mondiale di interpreti e traduttori altamente qualificati<\/strong> per garantirvi un'offerta di altissima qualit\u00e0.<\/p>\n\n\t\t<\/div>\n\t<\/div>\n<\/div><\/div><\/div><\/div><div class=\"vc_empty_space\"   style=\"height: 32px\"><span class=\"vc_empty_space_inner\"><\/span><\/div><\/div><\/div><\/div><\/div>\n<\/div>","protected":false},"excerpt":{"rendered":"<p>Beratung und ProjektmanagementSie ben\u00f6tigen Rat und Tat bei der Organisation Ihres Events bzw. bei der \u00dcbersetzung eines mehrsprachigen Dokuments? Heutzutage ist die Verkehrssprache, um sich mit ausl\u00e4ndischen G\u00e4sten, Gesch\u00e4ftspartnern und Kunden zu verst\u00e4ndigen, Englisch. Doch \u00f6fter als man denkt, findet man sich dabei in einer Situation wieder, in der man nur das ausdr\u00fccken kann, was&hellip;<\/p>","protected":false},"author":1,"featured_media":0,"parent":47,"menu_order":20,"comment_status":"closed","ping_status":"closed","template":"","meta":{"_monsterinsights_skip_tracking":false,"_monsterinsights_sitenote_active":false,"_monsterinsights_sitenote_note":"","_monsterinsights_sitenote_category":0,"footnotes":""},"class_list":["post-1949","page","type-page","status-publish","hentry","description-off"],"yoast_head":"<!-- This site is optimized with the Yoast SEO plugin v25.6 - https:\/\/yoast.com\/wordpress\/plugins\/seo\/ -->\n<title>Projektmanagement - Italienisch Dolmetscherin<\/title>\n<meta name=\"robots\" content=\"index, follow, max-snippet:-1, max-image-preview:large, max-video-preview:-1\" \/>\n<link rel=\"canonical\" href=\"https:\/\/italienisch-dolmetscherin.de\/it\/de_de\/leistungen\/beratung\/\" \/>\n<meta property=\"og:locale\" content=\"it_IT\" \/>\n<meta property=\"og:type\" content=\"article\" \/>\n<meta property=\"og:title\" content=\"Projektmanagement - Italienisch Dolmetscherin\" \/>\n<meta property=\"og:url\" content=\"https:\/\/italienisch-dolmetscherin.de\/it\/de_de\/leistungen\/beratung\/\" \/>\n<meta property=\"og:site_name\" content=\"Italienisch Dolmetscherin\" \/>\n<meta property=\"article:modified_time\" content=\"2022-04-01T14:22:26+00:00\" \/>\n<meta property=\"og:image\" content=\"https:\/\/italienisch-dolmetscherin.de\/wp-content\/uploads\/2023\/03\/Dolmetschen_Pressekonferenz-Automobil-scaled.jpg\" \/>\n\t<meta property=\"og:image:width\" content=\"2560\" \/>\n\t<meta property=\"og:image:height\" content=\"1920\" \/>\n\t<meta property=\"og:image:type\" content=\"image\/jpeg\" \/>\n<meta name=\"twitter:card\" content=\"summary_large_image\" \/>\n<meta name=\"twitter:label1\" content=\"Tempo di lettura stimato\" \/>\n\t<meta name=\"twitter:data1\" content=\"2 minuti\" \/>\n<script type=\"application\/ld+json\" class=\"yoast-schema-graph\">{\"@context\":\"https:\/\/schema.org\",\"@graph\":[{\"@type\":\"WebPage\",\"@id\":\"https:\/\/italienisch-dolmetscherin.de\/de_de\/leistungen\/beratung\/\",\"url\":\"https:\/\/italienisch-dolmetscherin.de\/de_de\/leistungen\/beratung\/\",\"name\":\"Projektmanagement - Italienisch Dolmetscherin\",\"isPartOf\":{\"@id\":\"https:\/\/italienisch-dolmetscherin.de\/de_de\/#website\"},\"datePublished\":\"2018-06-20T16:34:27+00:00\",\"dateModified\":\"2022-04-01T14:22:26+00:00\",\"breadcrumb\":{\"@id\":\"https:\/\/italienisch-dolmetscherin.de\/de_de\/leistungen\/beratung\/#breadcrumb\"},\"inLanguage\":\"it-IT\",\"potentialAction\":[{\"@type\":\"ReadAction\",\"target\":[\"https:\/\/italienisch-dolmetscherin.de\/de_de\/leistungen\/beratung\/\"]}]},{\"@type\":\"BreadcrumbList\",\"@id\":\"https:\/\/italienisch-dolmetscherin.de\/de_de\/leistungen\/beratung\/#breadcrumb\",\"itemListElement\":[{\"@type\":\"ListItem\",\"position\":1,\"name\":\"Startseite\",\"item\":\"https:\/\/italienisch-dolmetscherin.de\/de_de\/\"},{\"@type\":\"ListItem\",\"position\":2,\"name\":\"Leistungen\",\"item\":\"https:\/\/italienisch-dolmetscherin.de\/de_de\/leistungen\/\"},{\"@type\":\"ListItem\",\"position\":3,\"name\":\"Projektmanagement\"}]},{\"@type\":\"WebSite\",\"@id\":\"https:\/\/italienisch-dolmetscherin.de\/de_de\/#website\",\"url\":\"https:\/\/italienisch-dolmetscherin.de\/de_de\/\",\"name\":\"Italienisch Dolmetscherin\",\"description\":\"Professionelle Dolmetsch- und \u00dcbersetzungsdienstleistungen f\u00fcr die italienische Sprache\",\"publisher\":{\"@id\":\"https:\/\/italienisch-dolmetscherin.de\/de_de\/#\/schema\/person\/4f57a3709f92c46b8f5f2f124fe810aa\"},\"alternateName\":\"Italienisch Dolmetscher\",\"potentialAction\":[{\"@type\":\"SearchAction\",\"target\":{\"@type\":\"EntryPoint\",\"urlTemplate\":\"https:\/\/italienisch-dolmetscherin.de\/de_de\/?s={search_term_string}\"},\"query-input\":{\"@type\":\"PropertyValueSpecification\",\"valueRequired\":true,\"valueName\":\"search_term_string\"}}],\"inLanguage\":\"it-IT\"},{\"@type\":[\"Person\",\"Organization\"],\"@id\":\"https:\/\/italienisch-dolmetscherin.de\/de_de\/#\/schema\/person\/4f57a3709f92c46b8f5f2f124fe810aa\",\"name\":\"Italienisch-Dolmetscherin\",\"image\":{\"@type\":\"ImageObject\",\"inLanguage\":\"it-IT\",\"@id\":\"https:\/\/italienisch-dolmetscherin.de\/de_de\/#\/schema\/person\/image\/\",\"url\":\"https:\/\/italienisch-dolmetscherin.de\/wp-content\/uploads\/2023\/03\/admin-ajax.png\",\"contentUrl\":\"https:\/\/italienisch-dolmetscherin.de\/wp-content\/uploads\/2023\/03\/admin-ajax.png\",\"width\":109,\"height\":131,\"caption\":\"Italienisch-Dolmetscherin\"},\"logo\":{\"@id\":\"https:\/\/italienisch-dolmetscherin.de\/de_de\/#\/schema\/person\/image\/\"},\"sameAs\":[\"https:\/\/italienisch-dolmetscherin.de\"]}]}<\/script>\n<!-- \/ Yoast SEO plugin. -->","yoast_head_json":{"title":"Projektmanagement - Italienisch Dolmetscherin","robots":{"index":"index","follow":"follow","max-snippet":"max-snippet:-1","max-image-preview":"max-image-preview:large","max-video-preview":"max-video-preview:-1"},"canonical":"https:\/\/italienisch-dolmetscherin.de\/it\/de_de\/leistungen\/beratung\/","og_locale":"it_IT","og_type":"article","og_title":"Projektmanagement - Italienisch Dolmetscherin","og_url":"https:\/\/italienisch-dolmetscherin.de\/it\/de_de\/leistungen\/beratung\/","og_site_name":"Italienisch Dolmetscherin","article_modified_time":"2022-04-01T14:22:26+00:00","og_image":[{"width":2560,"height":1920,"url":"https:\/\/italienisch-dolmetscherin.de\/wp-content\/uploads\/2023\/03\/Dolmetschen_Pressekonferenz-Automobil-scaled.jpg","type":"image\/jpeg"}],"twitter_card":"summary_large_image","twitter_misc":{"Tempo di lettura stimato":"2 minuti"},"schema":{"@context":"https:\/\/schema.org","@graph":[{"@type":"WebPage","@id":"https:\/\/italienisch-dolmetscherin.de\/de_de\/leistungen\/beratung\/","url":"https:\/\/italienisch-dolmetscherin.de\/de_de\/leistungen\/beratung\/","name":"Projektmanagement - Italienisch Dolmetscherin","isPartOf":{"@id":"https:\/\/italienisch-dolmetscherin.de\/de_de\/#website"},"datePublished":"2018-06-20T16:34:27+00:00","dateModified":"2022-04-01T14:22:26+00:00","breadcrumb":{"@id":"https:\/\/italienisch-dolmetscherin.de\/de_de\/leistungen\/beratung\/#breadcrumb"},"inLanguage":"it-IT","potentialAction":[{"@type":"ReadAction","target":["https:\/\/italienisch-dolmetscherin.de\/de_de\/leistungen\/beratung\/"]}]},{"@type":"BreadcrumbList","@id":"https:\/\/italienisch-dolmetscherin.de\/de_de\/leistungen\/beratung\/#breadcrumb","itemListElement":[{"@type":"ListItem","position":1,"name":"Startseite","item":"https:\/\/italienisch-dolmetscherin.de\/de_de\/"},{"@type":"ListItem","position":2,"name":"Leistungen","item":"https:\/\/italienisch-dolmetscherin.de\/de_de\/leistungen\/"},{"@type":"ListItem","position":3,"name":"Projektmanagement"}]},{"@type":"WebSite","@id":"https:\/\/italienisch-dolmetscherin.de\/de_de\/#website","url":"https:\/\/italienisch-dolmetscherin.de\/de_de\/","name":"Interprete di italiano","description":"Professionelle Dolmetsch- und \u00dcbersetzungsdienstleistungen f\u00fcr die italienische Sprache","publisher":{"@id":"https:\/\/italienisch-dolmetscherin.de\/de_de\/#\/schema\/person\/4f57a3709f92c46b8f5f2f124fe810aa"},"alternateName":"Italienisch Dolmetscher","potentialAction":[{"@type":"SearchAction","target":{"@type":"EntryPoint","urlTemplate":"https:\/\/italienisch-dolmetscherin.de\/de_de\/?s={search_term_string}"},"query-input":{"@type":"PropertyValueSpecification","valueRequired":true,"valueName":"search_term_string"}}],"inLanguage":"it-IT"},{"@type":["Person","Organization"],"@id":"https:\/\/italienisch-dolmetscherin.de\/de_de\/#\/schema\/person\/4f57a3709f92c46b8f5f2f124fe810aa","name":"Italienisch-Dolmetscherin","image":{"@type":"ImageObject","inLanguage":"it-IT","@id":"https:\/\/italienisch-dolmetscherin.de\/de_de\/#\/schema\/person\/image\/","url":"https:\/\/italienisch-dolmetscherin.de\/wp-content\/uploads\/2023\/03\/admin-ajax.png","contentUrl":"https:\/\/italienisch-dolmetscherin.de\/wp-content\/uploads\/2023\/03\/admin-ajax.png","width":109,"height":131,"caption":"Italienisch-Dolmetscherin"},"logo":{"@id":"https:\/\/italienisch-dolmetscherin.de\/de_de\/#\/schema\/person\/image\/"},"sameAs":["https:\/\/italienisch-dolmetscherin.de"]}]}},"_links":{"self":[{"href":"https:\/\/italienisch-dolmetscherin.de\/it\/wp-json\/wp\/v2\/pages\/1949"}],"collection":[{"href":"https:\/\/italienisch-dolmetscherin.de\/it\/wp-json\/wp\/v2\/pages"}],"about":[{"href":"https:\/\/italienisch-dolmetscherin.de\/it\/wp-json\/wp\/v2\/types\/page"}],"author":[{"embeddable":true,"href":"https:\/\/italienisch-dolmetscherin.de\/it\/wp-json\/wp\/v2\/users\/1"}],"replies":[{"embeddable":true,"href":"https:\/\/italienisch-dolmetscherin.de\/it\/wp-json\/wp\/v2\/comments?post=1949"}],"version-history":[{"count":0,"href":"https:\/\/italienisch-dolmetscherin.de\/it\/wp-json\/wp\/v2\/pages\/1949\/revisions"}],"up":[{"embeddable":true,"href":"https:\/\/italienisch-dolmetscherin.de\/it\/wp-json\/wp\/v2\/pages\/47"}],"wp:attachment":[{"href":"https:\/\/italienisch-dolmetscherin.de\/it\/wp-json\/wp\/v2\/media?parent=1949"}],"curies":[{"name":"wp","href":"https:\/\/api.w.org\/{rel}","templated":true}]}}