{"id":3270,"date":"2022-01-29T11:43:36","date_gmt":"2022-01-29T10:43:36","guid":{"rendered":"http:\/\/italienisch-dolmetscherin.de\/?page_id=3270"},"modified":"2022-02-09T14:04:04","modified_gmt":"2022-02-09T13:04:04","slug":"downloads","status":"publish","type":"page","link":"https:\/\/italienisch-dolmetscherin.de\/de\/downloads\/","title":{"rendered":"Downloads"},"content":{"rendered":"<div class=\"wpb-content-wrapper\"><div class=\"vc_row wpb_row vc_row-fluid dt-default\" style=\"margin-top: 0px;margin-bottom: 0px\"><div class=\"wpb_column vc_column_container vc_col-sm-6\"><div class=\"vc_column-inner\"><div class=\"wpb_wrapper\">\n\t<div class=\"wpb_text_column wpb_content_element  vc_custom_1643472501040\" >\n\t\t<div class=\"wpb_wrapper\">\n\t\t\t<h5><strong>Allgemeine Gesch\u00e4ftsbedingungen<\/strong><\/h5>\n\n\t\t<\/div>\n\t<\/div>\n\n\t<div class=\"wpb_text_column wpb_content_element \" >\n\t\t<div class=\"wpb_wrapper\">\n\t\t\t\n\t\t<\/div>\n\t<\/div>\n<style type=\"text\/css\" data-type=\"the7_shortcodes-inline-css\">.icon-with-text-shortcode.icon-text-id-11b4ba3e1843d32869225ab683e65c6e .text-icon {\n  width: 34px;\n  height: 34px;\n  line-height: 34px;\n  font-size: 20px;\n  border-radius: 150px;\n  margin: 0px 10px 0px 0px;\n}\n.icon-with-text-shortcode.icon-text-id-11b4ba3e1843d32869225ab683e65c6e .text-icon .icon-inner {\n  min-width: 34px;\n  min-height: 34px;\n  border-radius: 150px;\n}\n@media all and (-ms-high-contrast: none) {\n  .icon-with-text-shortcode.icon-text-id-11b4ba3e1843d32869225ab683e65c6e .text-icon .icon-inner {\n    height: 34px;\n  }\n}\n.icon-with-text-shortcode.icon-text-id-11b4ba3e1843d32869225ab683e65c6e .text-icon .dt-hover-icon {\n  line-height: 34px;\n}\n.icon-with-text-shortcode.icon-text-id-11b4ba3e1843d32869225ab683e65c6e .text-icon:before,\n.icon-with-text-shortcode.icon-text-id-11b4ba3e1843d32869225ab683e65c6e .text-icon:after,\n.icon-with-text-shortcode.icon-text-id-11b4ba3e1843d32869225ab683e65c6e .text-icon .icon-inner:before,\n.icon-with-text-shortcode.icon-text-id-11b4ba3e1843d32869225ab683e65c6e .text-icon .icon-inner:after {\n  min-width: 100%;\n  min-height: 100%;\n  padding: inherit;\n  border-radius: inherit;\n}\n.icon-with-text-shortcode.icon-text-id-11b4ba3e1843d32869225ab683e65c6e .text-icon.dt-icon-border-on:before {\n  border-width: 5px;\n  border-style: solid;\n}\n.dt-icon-border-dashed.icon-with-text-shortcode.icon-text-id-11b4ba3e1843d32869225ab683e65c6e .text-icon.dt-icon-border-on:before {\n  border-style: dashed;\n}\n.dt-icon-border-dotted.icon-with-text-shortcode.icon-text-id-11b4ba3e1843d32869225ab683e65c6e .text-icon.dt-icon-border-on:before {\n  border-style: dotted;\n}\n.dt-icon-border-double.icon-with-text-shortcode.icon-text-id-11b4ba3e1843d32869225ab683e65c6e .text-icon.dt-icon-border-on:before {\n  border-style: double;\n}\n.icon-with-text-shortcode.icon-text-id-11b4ba3e1843d32869225ab683e65c6e .text-icon.dt-icon-border-dashed.dt-icon-border-on:before {\n  border-style: dashed;\n}\n.icon-with-text-shortcode.icon-text-id-11b4ba3e1843d32869225ab683e65c6e .text-icon.dt-icon-border-dotted.dt-icon-border-on:before {\n  border-style: dotted;\n}\n.icon-with-text-shortcode.icon-text-id-11b4ba3e1843d32869225ab683e65c6e .text-icon.dt-icon-border-double.dt-icon-border-on:before {\n  border-style: double;\n}\n.icon-with-text-shortcode.icon-text-id-11b4ba3e1843d32869225ab683e65c6e .text-icon.dt-icon-hover-border-on:after {\n  border-width: 5px;\n  border-style: solid;\n}\n.icon-with-text-shortcode.icon-text-id-11b4ba3e1843d32869225ab683e65c6e .text-icon.dt-icon-border-dashed.dt-icon-hover-border-on:after {\n  border-style: dashed;\n}\n.icon-with-text-shortcode.icon-text-id-11b4ba3e1843d32869225ab683e65c6e .text-icon.dt-icon-border-dotted.dt-icon-hover-border-on:after {\n  border-style: dotted;\n}\n.icon-with-text-shortcode.icon-text-id-11b4ba3e1843d32869225ab683e65c6e .text-icon.dt-icon-border-double.dt-icon-hover-border-on:after {\n  border-style: double;\n}\n.icon-with-text-shortcode.icon-text-id-11b4ba3e1843d32869225ab683e65c6e .text-icon.dt-icon-hover-on:hover {\n  font-size: 20px;\n}\n#page .icon-with-text-shortcode.icon-text-id-11b4ba3e1843d32869225ab683e65c6e .text-icon.dt-icon-hover-on:hover .soc-font-icon,\n#phantom .icon-with-text-shortcode.icon-text-id-11b4ba3e1843d32869225ab683e65c6e .text-icon.dt-icon-hover-on:hover .soc-font-icon,\n#page .icon-with-text-shortcode.icon-text-id-11b4ba3e1843d32869225ab683e65c6e .text-icon.dt-icon-hover-on:hover .soc-icon,\n#phantom .icon-with-text-shortcode.icon-text-id-11b4ba3e1843d32869225ab683e65c6e .text-icon.dt-icon-hover-on:hover .soc-icon {\n  color: #fff;\n  background: none;\n}\n#page .icon-with-text-shortcode.icon-text-id-11b4ba3e1843d32869225ab683e65c6e .text-icon.dt-icon-hover-on:not(:hover) .soc-font-icon,\n#phantom .icon-with-text-shortcode.icon-text-id-11b4ba3e1843d32869225ab683e65c6e .text-icon.dt-icon-hover-on:not(:hover) .soc-font-icon,\n#page .icon-with-text-shortcode.icon-text-id-11b4ba3e1843d32869225ab683e65c6e .text-icon.dt-icon-hover-on:not(:hover) .soc-icon,\n#phantom .icon-with-text-shortcode.icon-text-id-11b4ba3e1843d32869225ab683e65c6e .text-icon.dt-icon-hover-on:not(:hover) .soc-icon,\n#page .icon-with-text-shortcode.icon-text-id-11b4ba3e1843d32869225ab683e65c6e .text-icon.dt-icon-hover-off .soc-font-icon,\n#phantom .icon-with-text-shortcode.icon-text-id-11b4ba3e1843d32869225ab683e65c6e .text-icon.dt-icon-hover-off .soc-font-icon,\n#page .icon-with-text-shortcode.icon-text-id-11b4ba3e1843d32869225ab683e65c6e .text-icon.dt-icon-hover-off .soc-icon,\n#phantom .icon-with-text-shortcode.icon-text-id-11b4ba3e1843d32869225ab683e65c6e .text-icon.dt-icon-hover-off .soc-icon {\n  color: #ffffff;\n  background: none;\n}\n.icon-with-text-shortcode.icon-text-id-11b4ba3e1843d32869225ab683e65c6e.layout-1 {\n  grid-template-columns: 34px minmax(0,1fr);\n  grid-column-gap: 10px;\n}\n.icon-with-text-shortcode.icon-text-id-11b4ba3e1843d32869225ab683e65c6e.layout-2 {\n  grid-template-columns: minmax(0,1fr) 34px;\n  grid-column-gap: 0px;\n}\n.icon-with-text-shortcode.icon-text-id-11b4ba3e1843d32869225ab683e65c6e.layout-2 .text-icon {\n  margin-left: 0;\n}\n.icon-with-text-shortcode.icon-text-id-11b4ba3e1843d32869225ab683e65c6e.layout-3 {\n  grid-template-columns: 34px minmax(0,1fr);\n}\n.icon-with-text-shortcode.icon-text-id-11b4ba3e1843d32869225ab683e65c6e.layout-3 .dt-text-title {\n  margin-left: 10px;\n}\n.icon-with-text-shortcode.icon-text-id-11b4ba3e1843d32869225ab683e65c6e .dt-text-title {\n  margin-bottom: 0px;\n}\n.icon-with-text-shortcode.icon-text-id-11b4ba3e1843d32869225ab683e65c6e .dt-text-desc {\n  margin-bottom: 0px;\n  font-size: 14px;\n}<\/style><div class=\"icon-with-text-shortcode  icon-text-id-11b4ba3e1843d32869225ab683e65c6e layout-1  vc_custom_1643472516122 \" ><a href=\"#\" class=\"anchor-link text-icon dt-icon-bg-on dt-icon-hover-off\"><span class=\"icon-inner\"><i class=\"dt-regular-icon soc-icon icomoon-fontawesome-16x16-file-pdf\"><\/i><i class=\"dt-hover-icon soc-icon icomoon-fontawesome-16x16-file-pdf\"><\/i><\/span><\/a><div class=\"dt-text-desc\">Allgemeine Gesch\u00e4ftsbedingungen f\u00fcr Dolmetscherauftr\u00e4ge<\/div><\/div><div class=\"vc_separator wpb_content_element vc_separator_align_center vc_sep_width_100 vc_sep_pos_align_center vc_separator_no_text vc_sep_color_grey wpb_content_element  wpb_content_element\" ><span class=\"vc_sep_holder vc_sep_holder_l\"><span class=\"vc_sep_line\"><\/span><\/span><span class=\"vc_sep_holder vc_sep_holder_r\"><span class=\"vc_sep_line\"><\/span><\/span>\n<\/div><style type=\"text\/css\" data-type=\"the7_shortcodes-inline-css\">.icon-with-text-shortcode.icon-text-id-ec24efb909b9620efd1f20f68a6e644f .text-icon {\n  width: 34px;\n  height: 34px;\n  line-height: 34px;\n  font-size: 20px;\n  border-radius: 150px;\n  margin: 0px 10px 0px 0px;\n}\n.icon-with-text-shortcode.icon-text-id-ec24efb909b9620efd1f20f68a6e644f .text-icon .icon-inner {\n  min-width: 34px;\n  min-height: 34px;\n  border-radius: 150px;\n}\n@media all and (-ms-high-contrast: none) {\n  .icon-with-text-shortcode.icon-text-id-ec24efb909b9620efd1f20f68a6e644f .text-icon .icon-inner {\n    height: 34px;\n  }\n}\n.icon-with-text-shortcode.icon-text-id-ec24efb909b9620efd1f20f68a6e644f .text-icon .dt-hover-icon {\n  line-height: 34px;\n}\n.icon-with-text-shortcode.icon-text-id-ec24efb909b9620efd1f20f68a6e644f .text-icon:before,\n.icon-with-text-shortcode.icon-text-id-ec24efb909b9620efd1f20f68a6e644f .text-icon:after,\n.icon-with-text-shortcode.icon-text-id-ec24efb909b9620efd1f20f68a6e644f .text-icon .icon-inner:before,\n.icon-with-text-shortcode.icon-text-id-ec24efb909b9620efd1f20f68a6e644f .text-icon .icon-inner:after {\n  min-width: 100%;\n  min-height: 100%;\n  padding: inherit;\n  border-radius: inherit;\n}\n.icon-with-text-shortcode.icon-text-id-ec24efb909b9620efd1f20f68a6e644f .text-icon.dt-icon-border-on:before {\n  border-width: 4px;\n  border-style: solid;\n}\n.dt-icon-border-dashed.icon-with-text-shortcode.icon-text-id-ec24efb909b9620efd1f20f68a6e644f .text-icon.dt-icon-border-on:before {\n  border-style: dashed;\n}\n.dt-icon-border-dotted.icon-with-text-shortcode.icon-text-id-ec24efb909b9620efd1f20f68a6e644f .text-icon.dt-icon-border-on:before {\n  border-style: dotted;\n}\n.dt-icon-border-double.icon-with-text-shortcode.icon-text-id-ec24efb909b9620efd1f20f68a6e644f .text-icon.dt-icon-border-on:before {\n  border-style: double;\n}\n.icon-with-text-shortcode.icon-text-id-ec24efb909b9620efd1f20f68a6e644f .text-icon.dt-icon-border-dashed.dt-icon-border-on:before {\n  border-style: dashed;\n}\n.icon-with-text-shortcode.icon-text-id-ec24efb909b9620efd1f20f68a6e644f .text-icon.dt-icon-border-dotted.dt-icon-border-on:before {\n  border-style: dotted;\n}\n.icon-with-text-shortcode.icon-text-id-ec24efb909b9620efd1f20f68a6e644f .text-icon.dt-icon-border-double.dt-icon-border-on:before {\n  border-style: double;\n}\n.icon-with-text-shortcode.icon-text-id-ec24efb909b9620efd1f20f68a6e644f .text-icon.dt-icon-hover-border-on:after {\n  border-width: 4px;\n  border-style: solid;\n}\n.icon-with-text-shortcode.icon-text-id-ec24efb909b9620efd1f20f68a6e644f .text-icon.dt-icon-border-dashed.dt-icon-hover-border-on:after {\n  border-style: dashed;\n}\n.icon-with-text-shortcode.icon-text-id-ec24efb909b9620efd1f20f68a6e644f .text-icon.dt-icon-border-dotted.dt-icon-hover-border-on:after {\n  border-style: dotted;\n}\n.icon-with-text-shortcode.icon-text-id-ec24efb909b9620efd1f20f68a6e644f .text-icon.dt-icon-border-double.dt-icon-hover-border-on:after {\n  border-style: double;\n}\n.icon-with-text-shortcode.icon-text-id-ec24efb909b9620efd1f20f68a6e644f .text-icon.dt-icon-hover-on:hover {\n  font-size: 20px;\n}\n#page .icon-with-text-shortcode.icon-text-id-ec24efb909b9620efd1f20f68a6e644f .text-icon.dt-icon-hover-on:hover .soc-font-icon,\n#phantom .icon-with-text-shortcode.icon-text-id-ec24efb909b9620efd1f20f68a6e644f .text-icon.dt-icon-hover-on:hover .soc-font-icon,\n#page .icon-with-text-shortcode.icon-text-id-ec24efb909b9620efd1f20f68a6e644f .text-icon.dt-icon-hover-on:hover .soc-icon,\n#phantom .icon-with-text-shortcode.icon-text-id-ec24efb909b9620efd1f20f68a6e644f .text-icon.dt-icon-hover-on:hover .soc-icon {\n  color: #fff;\n  background: none;\n}\n#page .icon-with-text-shortcode.icon-text-id-ec24efb909b9620efd1f20f68a6e644f .text-icon.dt-icon-hover-on:not(:hover) .soc-font-icon,\n#phantom .icon-with-text-shortcode.icon-text-id-ec24efb909b9620efd1f20f68a6e644f .text-icon.dt-icon-hover-on:not(:hover) .soc-font-icon,\n#page .icon-with-text-shortcode.icon-text-id-ec24efb909b9620efd1f20f68a6e644f .text-icon.dt-icon-hover-on:not(:hover) .soc-icon,\n#phantom .icon-with-text-shortcode.icon-text-id-ec24efb909b9620efd1f20f68a6e644f .text-icon.dt-icon-hover-on:not(:hover) .soc-icon,\n#page .icon-with-text-shortcode.icon-text-id-ec24efb909b9620efd1f20f68a6e644f .text-icon.dt-icon-hover-off .soc-font-icon,\n#phantom .icon-with-text-shortcode.icon-text-id-ec24efb909b9620efd1f20f68a6e644f .text-icon.dt-icon-hover-off .soc-font-icon,\n#page .icon-with-text-shortcode.icon-text-id-ec24efb909b9620efd1f20f68a6e644f .text-icon.dt-icon-hover-off .soc-icon,\n#phantom .icon-with-text-shortcode.icon-text-id-ec24efb909b9620efd1f20f68a6e644f .text-icon.dt-icon-hover-off .soc-icon {\n  color: #ffffff;\n  background: none;\n}\n.icon-with-text-shortcode.icon-text-id-ec24efb909b9620efd1f20f68a6e644f.layout-1 {\n  grid-template-columns: 34px minmax(0,1fr);\n  grid-column-gap: 10px;\n}\n.icon-with-text-shortcode.icon-text-id-ec24efb909b9620efd1f20f68a6e644f.layout-2 {\n  grid-template-columns: minmax(0,1fr) 34px;\n  grid-column-gap: 0px;\n}\n.icon-with-text-shortcode.icon-text-id-ec24efb909b9620efd1f20f68a6e644f.layout-2 .text-icon {\n  margin-left: 0;\n}\n.icon-with-text-shortcode.icon-text-id-ec24efb909b9620efd1f20f68a6e644f.layout-3 {\n  grid-template-columns: 34px minmax(0,1fr);\n}\n.icon-with-text-shortcode.icon-text-id-ec24efb909b9620efd1f20f68a6e644f.layout-3 .dt-text-title {\n  margin-left: 10px;\n}\n.icon-with-text-shortcode.icon-text-id-ec24efb909b9620efd1f20f68a6e644f .dt-text-title {\n  margin-bottom: 0px;\n}\n.icon-with-text-shortcode.icon-text-id-ec24efb909b9620efd1f20f68a6e644f .dt-text-desc {\n  margin-bottom: 0px;\n  font-size: 14px;\n}<\/style><div class=\"icon-with-text-shortcode  icon-text-id-ec24efb909b9620efd1f20f68a6e644f layout-1  vc_custom_1643472755217 \" ><a href=\"#\" class=\"anchor-link text-icon dt-icon-bg-on dt-icon-hover-off\"><span class=\"icon-inner\"><i class=\"dt-regular-icon soc-icon icomoon-fontawesome-16x16-file-pdf\"><\/i><i class=\"dt-hover-icon soc-icon icomoon-fontawesome-16x16-file-pdf\"><\/i><\/span><\/a><div class=\"dt-text-desc\">Allgemeine Gesch\u00e4ftsbedingungen f\u00fcr \u00dcbersetzungsauftr\u00e4ge<\/div><\/div>\n\t<div class=\"wpb_text_column wpb_content_element \" >\n\t\t<div class=\"wpb_wrapper\">\n\t\t\t\n\t\t<\/div>\n\t<\/div>\n\n\t<div class=\"wpb_text_column wpb_content_element \" >\n\t\t<div class=\"wpb_wrapper\">\n\t\t\t\n\t\t<\/div>\n\t<\/div>\n<div class=\"vc_empty_space\"   style=\"height: 90px\"><span class=\"vc_empty_space_inner\"><\/span><\/div><\/div><\/div><\/div><div class=\"wpb_column vc_column_container vc_col-sm-6\"><div class=\"vc_column-inner\"><div class=\"wpb_wrapper\"><\/div><\/div><\/div><\/div><div class=\"vc_row wpb_row vc_row-fluid dt-default\" style=\"margin-top: 0px;margin-bottom: 0px\"><div class=\"wpb_column vc_column_container vc_col-sm-6\"><div class=\"vc_column-inner\"><div class=\"wpb_wrapper\">\n\t<div class=\"wpb_text_column wpb_content_element \" >\n\t\t<div class=\"wpb_wrapper\">\n\t\t\t<h4>Downloads<\/h4>\n<p>&nbsp;<\/p>\n<p><span style=\"color: #000000;\"><a style=\"color: #000000;\" href=\"https:\/\/italienisch-dolmetscherin.de\/wp-content\/uploads\/2022\/02\/VKD-Infografik_TIPPS_FUER_REDNER.pdf\">Info-Grafik Rednertipps (VKD)<\/a><\/span><\/p>\n<p><span style=\"color: #000000;\"><a style=\"color: #000000;\" href=\"https:\/\/italienisch-dolmetscherin.de\/wp-content\/uploads\/2022\/01\/VKD_Flyer_Ferndolmetschen_mit_Videokonferenztool.pdf\">Flyer Ferndolmetschen mit Videokonferenztool<\/a><\/span><\/p>\n\n\t\t<\/div>\n\t<\/div>\n<\/div><\/div><\/div><div class=\"wpb_column vc_column_container vc_col-sm-6\"><div class=\"vc_column-inner\"><div class=\"wpb_wrapper\"><\/div><\/div><\/div><\/div><div class=\"vc_row wpb_row vc_row-fluid dt-default\" style=\"margin-top: 0px;margin-bottom: 0px\"><div class=\"wpb_column vc_column_container vc_col-sm-6\"><div class=\"vc_column-inner\"><div class=\"wpb_wrapper\">\n\t<div class=\"wpb_text_column wpb_content_element \" >\n\t\t<div class=\"wpb_wrapper\">\n\t\t\t\n\t\t<\/div>\n\t<\/div>\n<\/div><\/div><\/div><div class=\"wpb_column vc_column_container vc_col-sm-6\"><div class=\"vc_column-inner\"><div class=\"wpb_wrapper\"><\/div><\/div><\/div><\/div><div class=\"vc_row wpb_row vc_row-fluid dt-default\" style=\"margin-top: 0px;margin-bottom: 0px\"><div class=\"wpb_column vc_column_container vc_col-sm-12\"><div class=\"vc_column-inner\"><div class=\"wpb_wrapper\"><div class=\"ult-spacer spacer-69d8b2bc3cd26\" data-id=\"69d8b2bc3cd26\" data-height=\"300\" data-height-mobile=\"300\" data-height-tab=\"300\" data-height-tab-portrait=\"\" data-height-mobile-landscape=\"\" style=\"clear:both;display:block;\"><\/div><\/div><\/div><\/div><\/div>\n<\/div>","protected":false},"excerpt":{"rendered":"<p>Allgemeine Gesch\u00e4ftsbedingungen Allgemeine Gesch\u00e4ftsbedingungen f\u00fcr Dolmetscherauftr\u00e4ge Allgemeine Gesch\u00e4ftsbedingungen f\u00fcr \u00dcbersetzungsauftr\u00e4ge Downloads &nbsp; Info-Grafik Rednertipps (VKD) Flyer Ferndolmetschen mit Videokonferenztool<\/p>\n","protected":false},"author":1,"featured_media":0,"parent":0,"menu_order":0,"comment_status":"closed","ping_status":"closed","template":"","meta":{"_monsterinsights_skip_tracking":false,"_monsterinsights_sitenote_active":false,"_monsterinsights_sitenote_note":"","_monsterinsights_sitenote_category":0,"footnotes":""},"class_list":["post-3270","page","type-page","status-publish","hentry","description-off"],"yoast_head":"<!-- This site is optimized with the Yoast SEO plugin v25.6 - https:\/\/yoast.com\/wordpress\/plugins\/seo\/ -->\n<title>Downloads - Italienisch Dolmetscherin<\/title>\n<meta name=\"robots\" content=\"index, follow, max-snippet:-1, max-image-preview:large, max-video-preview:-1\" \/>\n<link rel=\"canonical\" href=\"https:\/\/italienisch-dolmetscherin.de\/de\/de_de\/downloads\/\" \/>\n<meta property=\"og:locale\" content=\"de_DE\" \/>\n<meta property=\"og:type\" content=\"article\" \/>\n<meta property=\"og:title\" content=\"Downloads - Italienisch Dolmetscherin\" \/>\n<meta property=\"og:url\" content=\"https:\/\/italienisch-dolmetscherin.de\/de\/de_de\/downloads\/\" \/>\n<meta property=\"og:site_name\" content=\"Italienisch Dolmetscherin\" \/>\n<meta property=\"article:modified_time\" content=\"2022-02-09T13:04:04+00:00\" \/>\n<meta property=\"og:image\" content=\"https:\/\/italienisch-dolmetscherin.de\/wp-content\/uploads\/2023\/03\/Dolmetschen_Pressekonferenz-Automobil-scaled.jpg\" \/>\n\t<meta property=\"og:image:width\" content=\"2560\" \/>\n\t<meta property=\"og:image:height\" content=\"1920\" \/>\n\t<meta property=\"og:image:type\" content=\"image\/jpeg\" \/>\n<meta name=\"twitter:card\" content=\"summary_large_image\" \/>\n<meta name=\"twitter:label1\" content=\"Gesch\u00e4tzte Lesezeit\" \/>\n\t<meta name=\"twitter:data1\" content=\"1\u00a0Minute\" \/>\n<script type=\"application\/ld+json\" class=\"yoast-schema-graph\">{\"@context\":\"https:\/\/schema.org\",\"@graph\":[{\"@type\":\"WebPage\",\"@id\":\"https:\/\/italienisch-dolmetscherin.de\/de_de\/downloads\/\",\"url\":\"https:\/\/italienisch-dolmetscherin.de\/de_de\/downloads\/\",\"name\":\"Downloads - Italienisch Dolmetscherin\",\"isPartOf\":{\"@id\":\"https:\/\/italienisch-dolmetscherin.de\/de_de\/#website\"},\"datePublished\":\"2022-01-29T10:43:36+00:00\",\"dateModified\":\"2022-02-09T13:04:04+00:00\",\"breadcrumb\":{\"@id\":\"https:\/\/italienisch-dolmetscherin.de\/de_de\/downloads\/#breadcrumb\"},\"inLanguage\":\"de\",\"potentialAction\":[{\"@type\":\"ReadAction\",\"target\":[\"https:\/\/italienisch-dolmetscherin.de\/de_de\/downloads\/\"]}]},{\"@type\":\"BreadcrumbList\",\"@id\":\"https:\/\/italienisch-dolmetscherin.de\/de_de\/downloads\/#breadcrumb\",\"itemListElement\":[{\"@type\":\"ListItem\",\"position\":1,\"name\":\"Startseite\",\"item\":\"https:\/\/italienisch-dolmetscherin.de\/de_de\/\"},{\"@type\":\"ListItem\",\"position\":2,\"name\":\"Downloads\"}]},{\"@type\":\"WebSite\",\"@id\":\"https:\/\/italienisch-dolmetscherin.de\/de_de\/#website\",\"url\":\"https:\/\/italienisch-dolmetscherin.de\/de_de\/\",\"name\":\"Italienisch Dolmetscherin\",\"description\":\"Professionelle Dolmetsch- und \u00dcbersetzungsdienstleistungen f\u00fcr die italienische Sprache\",\"publisher\":{\"@id\":\"https:\/\/italienisch-dolmetscherin.de\/de_de\/#\/schema\/person\/4f57a3709f92c46b8f5f2f124fe810aa\"},\"alternateName\":\"Italienisch Dolmetscher\",\"potentialAction\":[{\"@type\":\"SearchAction\",\"target\":{\"@type\":\"EntryPoint\",\"urlTemplate\":\"https:\/\/italienisch-dolmetscherin.de\/de_de\/?s={search_term_string}\"},\"query-input\":{\"@type\":\"PropertyValueSpecification\",\"valueRequired\":true,\"valueName\":\"search_term_string\"}}],\"inLanguage\":\"de\"},{\"@type\":[\"Person\",\"Organization\"],\"@id\":\"https:\/\/italienisch-dolmetscherin.de\/de_de\/#\/schema\/person\/4f57a3709f92c46b8f5f2f124fe810aa\",\"name\":\"Italienisch-Dolmetscherin\",\"image\":{\"@type\":\"ImageObject\",\"inLanguage\":\"de\",\"@id\":\"https:\/\/italienisch-dolmetscherin.de\/de_de\/#\/schema\/person\/image\/\",\"url\":\"https:\/\/italienisch-dolmetscherin.de\/wp-content\/uploads\/2023\/03\/admin-ajax.png\",\"contentUrl\":\"https:\/\/italienisch-dolmetscherin.de\/wp-content\/uploads\/2023\/03\/admin-ajax.png\",\"width\":109,\"height\":131,\"caption\":\"Italienisch-Dolmetscherin\"},\"logo\":{\"@id\":\"https:\/\/italienisch-dolmetscherin.de\/de_de\/#\/schema\/person\/image\/\"},\"sameAs\":[\"https:\/\/italienisch-dolmetscherin.de\"]}]}<\/script>\n<!-- \/ Yoast SEO plugin. -->","yoast_head_json":{"title":"Downloads - Italienisch Dolmetscherin","robots":{"index":"index","follow":"follow","max-snippet":"max-snippet:-1","max-image-preview":"max-image-preview:large","max-video-preview":"max-video-preview:-1"},"canonical":"https:\/\/italienisch-dolmetscherin.de\/de\/de_de\/downloads\/","og_locale":"de_DE","og_type":"article","og_title":"Downloads - Italienisch Dolmetscherin","og_url":"https:\/\/italienisch-dolmetscherin.de\/de\/de_de\/downloads\/","og_site_name":"Italienisch Dolmetscherin","article_modified_time":"2022-02-09T13:04:04+00:00","og_image":[{"width":2560,"height":1920,"url":"https:\/\/italienisch-dolmetscherin.de\/wp-content\/uploads\/2023\/03\/Dolmetschen_Pressekonferenz-Automobil-scaled.jpg","type":"image\/jpeg"}],"twitter_card":"summary_large_image","twitter_misc":{"Gesch\u00e4tzte Lesezeit":"1\u00a0Minute"},"schema":{"@context":"https:\/\/schema.org","@graph":[{"@type":"WebPage","@id":"https:\/\/italienisch-dolmetscherin.de\/de_de\/downloads\/","url":"https:\/\/italienisch-dolmetscherin.de\/de_de\/downloads\/","name":"Downloads - Italienisch Dolmetscherin","isPartOf":{"@id":"https:\/\/italienisch-dolmetscherin.de\/de_de\/#website"},"datePublished":"2022-01-29T10:43:36+00:00","dateModified":"2022-02-09T13:04:04+00:00","breadcrumb":{"@id":"https:\/\/italienisch-dolmetscherin.de\/de_de\/downloads\/#breadcrumb"},"inLanguage":"de","potentialAction":[{"@type":"ReadAction","target":["https:\/\/italienisch-dolmetscherin.de\/de_de\/downloads\/"]}]},{"@type":"BreadcrumbList","@id":"https:\/\/italienisch-dolmetscherin.de\/de_de\/downloads\/#breadcrumb","itemListElement":[{"@type":"ListItem","position":1,"name":"Startseite","item":"https:\/\/italienisch-dolmetscherin.de\/de_de\/"},{"@type":"ListItem","position":2,"name":"Downloads"}]},{"@type":"WebSite","@id":"https:\/\/italienisch-dolmetscherin.de\/de_de\/#website","url":"https:\/\/italienisch-dolmetscherin.de\/de_de\/","name":"Italienisch Dolmetscherin","description":"Professionelle Dolmetsch- und \u00dcbersetzungsdienstleistungen f\u00fcr die italienische Sprache","publisher":{"@id":"https:\/\/italienisch-dolmetscherin.de\/de_de\/#\/schema\/person\/4f57a3709f92c46b8f5f2f124fe810aa"},"alternateName":"Italienisch Dolmetscher","potentialAction":[{"@type":"SearchAction","target":{"@type":"EntryPoint","urlTemplate":"https:\/\/italienisch-dolmetscherin.de\/de_de\/?s={search_term_string}"},"query-input":{"@type":"PropertyValueSpecification","valueRequired":true,"valueName":"search_term_string"}}],"inLanguage":"de"},{"@type":["Person","Organization"],"@id":"https:\/\/italienisch-dolmetscherin.de\/de_de\/#\/schema\/person\/4f57a3709f92c46b8f5f2f124fe810aa","name":"Italienisch-Dolmetscherin","image":{"@type":"ImageObject","inLanguage":"de","@id":"https:\/\/italienisch-dolmetscherin.de\/de_de\/#\/schema\/person\/image\/","url":"https:\/\/italienisch-dolmetscherin.de\/wp-content\/uploads\/2023\/03\/admin-ajax.png","contentUrl":"https:\/\/italienisch-dolmetscherin.de\/wp-content\/uploads\/2023\/03\/admin-ajax.png","width":109,"height":131,"caption":"Italienisch-Dolmetscherin"},"logo":{"@id":"https:\/\/italienisch-dolmetscherin.de\/de_de\/#\/schema\/person\/image\/"},"sameAs":["https:\/\/italienisch-dolmetscherin.de"]}]}},"_links":{"self":[{"href":"https:\/\/italienisch-dolmetscherin.de\/de\/wp-json\/wp\/v2\/pages\/3270"}],"collection":[{"href":"https:\/\/italienisch-dolmetscherin.de\/de\/wp-json\/wp\/v2\/pages"}],"about":[{"href":"https:\/\/italienisch-dolmetscherin.de\/de\/wp-json\/wp\/v2\/types\/page"}],"author":[{"embeddable":true,"href":"https:\/\/italienisch-dolmetscherin.de\/de\/wp-json\/wp\/v2\/users\/1"}],"replies":[{"embeddable":true,"href":"https:\/\/italienisch-dolmetscherin.de\/de\/wp-json\/wp\/v2\/comments?post=3270"}],"version-history":[{"count":10,"href":"https:\/\/italienisch-dolmetscherin.de\/de\/wp-json\/wp\/v2\/pages\/3270\/revisions"}],"predecessor-version":[{"id":3357,"href":"https:\/\/italienisch-dolmetscherin.de\/de\/wp-json\/wp\/v2\/pages\/3270\/revisions\/3357"}],"wp:attachment":[{"href":"https:\/\/italienisch-dolmetscherin.de\/de\/wp-json\/wp\/v2\/media?parent=3270"}],"curies":[{"name":"wp","href":"https:\/\/api.w.org\/{rel}","templated":true}]}}