{"id":2618,"date":"2021-04-25T00:54:49","date_gmt":"2021-04-24T22:54:49","guid":{"rendered":"http:\/\/italienisch-dolmetscherin.de\/?page_id=2618"},"modified":"2022-01-18T00:17:27","modified_gmt":"2022-01-17T23:17:27","slug":"qualitaet","status":"publish","type":"page","link":"https:\/\/italienisch-dolmetscherin.de\/de\/qualitaet\/","title":{"rendered":"Qualit\u00e4t"},"content":{"rendered":"<div class=\"wpb-content-wrapper\"><div class=\"vc_row wpb_row vc_row-fluid accent-border-color dt-default\" style=\"margin-top: 0px;margin-bottom: 0px\"><div class=\"wpb_column vc_column_container vc_col-sm-2\"><div class=\"vc_column-inner\"><div class=\"wpb_wrapper\"><\/div><\/div><\/div><div class=\"wpb_column vc_column_container vc_col-sm-8\"><div class=\"vc_column-inner\"><div class=\"wpb_wrapper\"><div id=\"ultimate-heading-385969d63e1c7f252\" class=\"uvc-heading ult-adjust-bottom-margin ultimate-heading-385969d63e1c7f252 uvc-9582 accent-border-color\" data-hspacer=\"line_only\"  data-halign=\"center\" style=\"text-align:center\"><div class=\"uvc-main-heading ult-responsive\"  data-ultimate-target='.uvc-heading.ultimate-heading-385969d63e1c7f252 h2'  data-responsive-json-new='{\"font-size\":\"desktop:44px;tablet_portrait:30px;\",\"line-height\":\"desktop:54px;tablet_portrait:40px;\"}' ><h2 style=\"font-weight:bold;margin-bottom:0px;\">Qualit\u00e4t<\/h2><\/div><div class=\"uvc-heading-spacer line_only\" style=\"margin-bottom:40px;height:5px;\"><span class=\"uvc-headings-line\" style=\"border-style:solid;border-bottom-width:5px;border-color:;width:120px;\"><\/span><\/div><div class=\"uvc-sub-heading ult-responsive\"  data-ultimate-target='.uvc-heading.ultimate-heading-385969d63e1c7f252 .uvc-sub-heading '  data-responsive-json-new='{\"font-size\":\"desktop:22px;mobile_landscape:16px;\",\"line-height\":\"desktop:32px;mobile_landscape:26px;\"}'  style=\"font-style:italic;font-weight:normal;color:#333333;margin-bottom:30px;\">Exzellenz in Wort und Schrift<\/div><\/div><\/div><\/div><\/div><div class=\"wpb_column vc_column_container vc_col-sm-2\"><div class=\"vc_column-inner\"><div class=\"wpb_wrapper\"><\/div><\/div><\/div><\/div><div class=\"vc_row wpb_row vc_row-fluid vc_custom_1491748274178 vc_row-o-equal-height vc_row-o-content-middle vc_row-flex\"><div class=\"wpb_column vc_column_container vc_col-sm-6\"><div class=\"vc_column-inner\"><div class=\"wpb_wrapper\"><style type=\"text\/css\" data-type=\"the7_shortcodes-inline-css\">.shortcode-single-image-wrap.shortcode-single-image-a586bb4c840a2644b36971e429737f64.enable-bg-rollover .rollover i,\n.shortcode-single-image-wrap.shortcode-single-image-a586bb4c840a2644b36971e429737f64.enable-bg-rollover .rollover-video i {\n  background: -webkit-linear-gradient();\n  background: linear-gradient();\n}\n.shortcode-single-image-wrap.shortcode-single-image-a586bb4c840a2644b36971e429737f64 .rollover-icon {\n  font-size: 32px;\n  color: #ffffff;\n  min-width: 44px;\n  min-height: 44px;\n  line-height: 44px;\n  border-radius: 100px;\n  border-style: solid;\n  border-width: 0px;\n}\n.dt-icon-bg-on.shortcode-single-image-wrap.shortcode-single-image-a586bb4c840a2644b36971e429737f64 .rollover-icon {\n  background: rgba(255,255,255,0.3);\n  box-shadow: none;\n}<\/style><div class=\"shortcode-single-image-wrap shortcode-single-image-a586bb4c840a2644b36971e429737f64 alignnone  vc_custom_1642461445133 enable-bg-rollover dt-icon-bg-off\" ><div class=\"shortcode-single-image\"><div class=\"fancy-media-wrap  layzr-bg\" style=\"\"><img fetchpriority=\"high\" decoding=\"async\" class=\"preload-me lazy-load aspect\" src=\"data:image\/svg+xml,%3Csvg%20xmlns%3D&#39;http%3A%2F%2Fwww.w3.org%2F2000%2Fsvg&#39;%20viewBox%3D&#39;0%200%20640%20512&#39;%2F%3E\" data-src=\"https:\/\/italienisch-dolmetscherin.de\/wp-content\/uploads\/2021\/04\/Uebersetzung-4-1-640x512.jpg\" data-srcset=\"https:\/\/italienisch-dolmetscherin.de\/wp-content\/uploads\/2021\/04\/Uebersetzung-4-1-640x512.jpg 640w\" loading=\"eager\" sizes=\"(max-width: 640px) 100vw, 640px\" width=\"640\" height=\"512\"  data-dt-location=\"https:\/\/italienisch-dolmetscherin.de\/de\/qualitaet\/uebersetzung-4-2\/\" style=\"--ratio: 640 \/ 512;\" alt=\"\" \/><\/div><\/div><\/div><\/div><\/div><\/div><div class=\"wpb_column vc_column_container vc_col-sm-6\"><div class=\"vc_column-inner\"><div class=\"wpb_wrapper\">\n\t<div class=\"wpb_text_column wpb_content_element \" >\n\t\t<div class=\"wpb_wrapper\">\n\t\t\t<p>Die Suche nach dem richtigen Sprachdienstleister kann zur Herausforderung werden. \u00dcbersetzer und Dolmetscher erlernen ihren Beruf im Rahmen eines 5-j\u00e4hrigen Studienganges. Selbst nach dem Studium ist eine <strong>kontinuierliche Weiterbildung<\/strong> ein Muss, um mit den Innovationen auf dem Markt Schritt halten zu k\u00f6nnen.<\/p>\n<p><strong>Fundierte Fachkenntnisse<\/strong> und Streben nach Perfektion garantieren Ihnen hochpr\u00e4zise \u00dcbersetzungen, die nicht nur terminologisch korrekt ausformuliert sind, sondern auch den richtigen Ton treffen, um Ihr Produkt bzw. Ihre Leistung wie intendiert zu bewerben.<\/p>\n<p>Um die richtige Entscheidung zu treffen, sollte man nicht nur auf die Ausbildung und Erfahrung des Dienstleisters achten, sondern auch die Mitgliedschaft in einem Berufsverband in Erw\u00e4gung ziehen. Sie garantiert <strong>hohe Qualit\u00e4tsstandards, kontinuierliche Weiterbildung<\/strong> im Beruf und vor allem <strong>h\u00f6chste Verschwiegenheit<\/strong> gem\u00e4\u00df der Berufsethik der Konferenzdolmetscher.<\/p>\n\n\t\t<\/div>\n\t<\/div>\n<style type=\"text\/css\" data-type=\"the7_shortcodes-inline-css\">#default-btn-ca249a49fd622a92816c9ea6427ae191.ico-right-side > i {\n  margin-right: 0px;\n  margin-left: 8px;\n}\n#default-btn-ca249a49fd622a92816c9ea6427ae191 > i {\n  margin-right: 8px;\n}<\/style><div class=\"btn-align-right\"><a href=\"\/software-company\/contact\/\" class=\"default-btn-shortcode dt-btn dt-btn-m link-hover-off  vc_custom_1635633126018\" id=\"default-btn-ca249a49fd622a92816c9ea6427ae191\"><span>KONTAKT<\/span><\/a><\/div><\/div><\/div><\/div><\/div>\n<\/div>","protected":false},"excerpt":{"rendered":"<p>Qualit\u00e4tExzellenz in Wort und Schrift Die Suche nach dem richtigen Sprachdienstleister kann zur Herausforderung werden. \u00dcbersetzer und Dolmetscher erlernen ihren Beruf im Rahmen eines 5-j\u00e4hrigen Studienganges. Selbst nach dem Studium ist eine kontinuierliche Weiterbildung ein Muss, um mit den Innovationen auf dem Markt Schritt halten zu k\u00f6nnen. Fundierte Fachkenntnisse und Streben nach Perfektion garantieren Ihnen&hellip;<\/p>\n","protected":false},"author":1,"featured_media":0,"parent":0,"menu_order":0,"comment_status":"closed","ping_status":"closed","template":"","meta":{"_monsterinsights_skip_tracking":false,"_monsterinsights_sitenote_active":false,"_monsterinsights_sitenote_note":"","_monsterinsights_sitenote_category":0,"footnotes":""},"class_list":["post-2618","page","type-page","status-publish","hentry","description-off"],"yoast_head":"<!-- This site is optimized with the Yoast SEO plugin v25.6 - https:\/\/yoast.com\/wordpress\/plugins\/seo\/ -->\n<title>Qualit\u00e4t - Italienisch Dolmetscherin<\/title>\n<meta name=\"robots\" content=\"index, follow, max-snippet:-1, max-image-preview:large, max-video-preview:-1\" \/>\n<link rel=\"canonical\" href=\"https:\/\/italienisch-dolmetscherin.de\/de\/qualitaet\/\" \/>\n<meta property=\"og:locale\" content=\"de_DE\" \/>\n<meta property=\"og:type\" content=\"article\" \/>\n<meta property=\"og:title\" content=\"Qualit\u00e4t - Italienisch Dolmetscherin\" \/>\n<meta property=\"og:url\" content=\"https:\/\/italienisch-dolmetscherin.de\/de\/qualitaet\/\" \/>\n<meta property=\"og:site_name\" content=\"Italienisch Dolmetscherin\" \/>\n<meta property=\"article:modified_time\" content=\"2022-01-17T23:17:27+00:00\" \/>\n<meta property=\"og:image\" content=\"https:\/\/italienisch-dolmetscherin.de\/wp-content\/uploads\/2023\/03\/Dolmetschen_Pressekonferenz-Automobil-scaled.jpg\" \/>\n\t<meta property=\"og:image:width\" content=\"2560\" \/>\n\t<meta property=\"og:image:height\" content=\"1920\" \/>\n\t<meta property=\"og:image:type\" content=\"image\/jpeg\" \/>\n<meta name=\"twitter:card\" content=\"summary_large_image\" \/>\n<meta name=\"twitter:label1\" content=\"Gesch\u00e4tzte Lesezeit\" \/>\n\t<meta name=\"twitter:data1\" content=\"2\u00a0Minuten\" \/>\n<script type=\"application\/ld+json\" class=\"yoast-schema-graph\">{\"@context\":\"https:\/\/schema.org\",\"@graph\":[{\"@type\":\"WebPage\",\"@id\":\"https:\/\/italienisch-dolmetscherin.de\/it\/qualitaet\/\",\"url\":\"https:\/\/italienisch-dolmetscherin.de\/it\/qualitaet\/\",\"name\":\"Qualit\u00e4t - Italienisch Dolmetscherin\",\"isPartOf\":{\"@id\":\"https:\/\/italienisch-dolmetscherin.de\/de_de\/#website\"},\"datePublished\":\"2021-04-24T22:54:49+00:00\",\"dateModified\":\"2022-01-17T23:17:27+00:00\",\"breadcrumb\":{\"@id\":\"https:\/\/italienisch-dolmetscherin.de\/it\/qualitaet\/#breadcrumb\"},\"inLanguage\":\"de\",\"potentialAction\":[{\"@type\":\"ReadAction\",\"target\":[\"https:\/\/italienisch-dolmetscherin.de\/it\/qualitaet\/\"]}]},{\"@type\":\"BreadcrumbList\",\"@id\":\"https:\/\/italienisch-dolmetscherin.de\/it\/qualitaet\/#breadcrumb\",\"itemListElement\":[{\"@type\":\"ListItem\",\"position\":1,\"name\":\"Startseite\",\"item\":\"https:\/\/italienisch-dolmetscherin.de\/de_de\/\"},{\"@type\":\"ListItem\",\"position\":2,\"name\":\"Qualit\u00e4t\"}]},{\"@type\":\"WebSite\",\"@id\":\"https:\/\/italienisch-dolmetscherin.de\/de_de\/#website\",\"url\":\"https:\/\/italienisch-dolmetscherin.de\/de_de\/\",\"name\":\"Italienisch Dolmetscherin\",\"description\":\"Professionelle Dolmetsch- und \u00dcbersetzungsdienstleistungen f\u00fcr die italienische Sprache\",\"publisher\":{\"@id\":\"https:\/\/italienisch-dolmetscherin.de\/de_de\/#\/schema\/person\/4f57a3709f92c46b8f5f2f124fe810aa\"},\"alternateName\":\"Italienisch Dolmetscher\",\"potentialAction\":[{\"@type\":\"SearchAction\",\"target\":{\"@type\":\"EntryPoint\",\"urlTemplate\":\"https:\/\/italienisch-dolmetscherin.de\/de_de\/?s={search_term_string}\"},\"query-input\":{\"@type\":\"PropertyValueSpecification\",\"valueRequired\":true,\"valueName\":\"search_term_string\"}}],\"inLanguage\":\"de\"},{\"@type\":[\"Person\",\"Organization\"],\"@id\":\"https:\/\/italienisch-dolmetscherin.de\/de_de\/#\/schema\/person\/4f57a3709f92c46b8f5f2f124fe810aa\",\"name\":\"Italienisch-Dolmetscherin\",\"image\":{\"@type\":\"ImageObject\",\"inLanguage\":\"de\",\"@id\":\"https:\/\/italienisch-dolmetscherin.de\/de_de\/#\/schema\/person\/image\/\",\"url\":\"https:\/\/italienisch-dolmetscherin.de\/wp-content\/uploads\/2023\/03\/admin-ajax.png\",\"contentUrl\":\"https:\/\/italienisch-dolmetscherin.de\/wp-content\/uploads\/2023\/03\/admin-ajax.png\",\"width\":109,\"height\":131,\"caption\":\"Italienisch-Dolmetscherin\"},\"logo\":{\"@id\":\"https:\/\/italienisch-dolmetscherin.de\/de_de\/#\/schema\/person\/image\/\"},\"sameAs\":[\"https:\/\/italienisch-dolmetscherin.de\"]}]}<\/script>\n<!-- \/ Yoast SEO plugin. -->","yoast_head_json":{"title":"Qualit\u00e4t - Italienisch Dolmetscherin","robots":{"index":"index","follow":"follow","max-snippet":"max-snippet:-1","max-image-preview":"max-image-preview:large","max-video-preview":"max-video-preview:-1"},"canonical":"https:\/\/italienisch-dolmetscherin.de\/de\/qualitaet\/","og_locale":"de_DE","og_type":"article","og_title":"Qualit\u00e4t - Italienisch Dolmetscherin","og_url":"https:\/\/italienisch-dolmetscherin.de\/de\/qualitaet\/","og_site_name":"Italienisch Dolmetscherin","article_modified_time":"2022-01-17T23:17:27+00:00","og_image":[{"width":2560,"height":1920,"url":"https:\/\/italienisch-dolmetscherin.de\/wp-content\/uploads\/2023\/03\/Dolmetschen_Pressekonferenz-Automobil-scaled.jpg","type":"image\/jpeg"}],"twitter_card":"summary_large_image","twitter_misc":{"Gesch\u00e4tzte Lesezeit":"2\u00a0Minuten"},"schema":{"@context":"https:\/\/schema.org","@graph":[{"@type":"WebPage","@id":"https:\/\/italienisch-dolmetscherin.de\/it\/qualitaet\/","url":"https:\/\/italienisch-dolmetscherin.de\/it\/qualitaet\/","name":"Qualit\u00e4t - Italienisch Dolmetscherin","isPartOf":{"@id":"https:\/\/italienisch-dolmetscherin.de\/de_de\/#website"},"datePublished":"2021-04-24T22:54:49+00:00","dateModified":"2022-01-17T23:17:27+00:00","breadcrumb":{"@id":"https:\/\/italienisch-dolmetscherin.de\/it\/qualitaet\/#breadcrumb"},"inLanguage":"de","potentialAction":[{"@type":"ReadAction","target":["https:\/\/italienisch-dolmetscherin.de\/it\/qualitaet\/"]}]},{"@type":"BreadcrumbList","@id":"https:\/\/italienisch-dolmetscherin.de\/it\/qualitaet\/#breadcrumb","itemListElement":[{"@type":"ListItem","position":1,"name":"Startseite","item":"https:\/\/italienisch-dolmetscherin.de\/de_de\/"},{"@type":"ListItem","position":2,"name":"Qualit\u00e4t"}]},{"@type":"WebSite","@id":"https:\/\/italienisch-dolmetscherin.de\/de_de\/#website","url":"https:\/\/italienisch-dolmetscherin.de\/de_de\/","name":"Italienisch Dolmetscherin","description":"Professionelle Dolmetsch- und \u00dcbersetzungsdienstleistungen f\u00fcr die italienische Sprache","publisher":{"@id":"https:\/\/italienisch-dolmetscherin.de\/de_de\/#\/schema\/person\/4f57a3709f92c46b8f5f2f124fe810aa"},"alternateName":"Italienisch Dolmetscher","potentialAction":[{"@type":"SearchAction","target":{"@type":"EntryPoint","urlTemplate":"https:\/\/italienisch-dolmetscherin.de\/de_de\/?s={search_term_string}"},"query-input":{"@type":"PropertyValueSpecification","valueRequired":true,"valueName":"search_term_string"}}],"inLanguage":"de"},{"@type":["Person","Organization"],"@id":"https:\/\/italienisch-dolmetscherin.de\/de_de\/#\/schema\/person\/4f57a3709f92c46b8f5f2f124fe810aa","name":"Italienisch-Dolmetscherin","image":{"@type":"ImageObject","inLanguage":"de","@id":"https:\/\/italienisch-dolmetscherin.de\/de_de\/#\/schema\/person\/image\/","url":"https:\/\/italienisch-dolmetscherin.de\/wp-content\/uploads\/2023\/03\/admin-ajax.png","contentUrl":"https:\/\/italienisch-dolmetscherin.de\/wp-content\/uploads\/2023\/03\/admin-ajax.png","width":109,"height":131,"caption":"Italienisch-Dolmetscherin"},"logo":{"@id":"https:\/\/italienisch-dolmetscherin.de\/de_de\/#\/schema\/person\/image\/"},"sameAs":["https:\/\/italienisch-dolmetscherin.de"]}]}},"_links":{"self":[{"href":"https:\/\/italienisch-dolmetscherin.de\/de\/wp-json\/wp\/v2\/pages\/2618"}],"collection":[{"href":"https:\/\/italienisch-dolmetscherin.de\/de\/wp-json\/wp\/v2\/pages"}],"about":[{"href":"https:\/\/italienisch-dolmetscherin.de\/de\/wp-json\/wp\/v2\/types\/page"}],"author":[{"embeddable":true,"href":"https:\/\/italienisch-dolmetscherin.de\/de\/wp-json\/wp\/v2\/users\/1"}],"replies":[{"embeddable":true,"href":"https:\/\/italienisch-dolmetscherin.de\/de\/wp-json\/wp\/v2\/comments?post=2618"}],"version-history":[{"count":10,"href":"https:\/\/italienisch-dolmetscherin.de\/de\/wp-json\/wp\/v2\/pages\/2618\/revisions"}],"predecessor-version":[{"id":3223,"href":"https:\/\/italienisch-dolmetscherin.de\/de\/wp-json\/wp\/v2\/pages\/2618\/revisions\/3223"}],"wp:attachment":[{"href":"https:\/\/italienisch-dolmetscherin.de\/de\/wp-json\/wp\/v2\/media?parent=2618"}],"curies":[{"name":"wp","href":"https:\/\/api.w.org\/{rel}","templated":true}]}}