{"id":2261,"date":"2021-04-17T01:48:57","date_gmt":"2021-04-16T23:48:57","guid":{"rendered":"http:\/\/italienisch-dolmetscherin.de\/?page_id=2261"},"modified":"2025-07-10T15:47:42","modified_gmt":"2025-07-10T13:47:42","slug":"impressum","status":"publish","type":"page","link":"https:\/\/italienisch-dolmetscherin.de\/de\/impressum\/","title":{"rendered":"Impressum"},"content":{"rendered":"<div class=\"wpb-content-wrapper\"><div class=\"vc_row wpb_row vc_row-fluid dt-default\" style=\"margin-top: 0px;margin-bottom: 0px\"><div class=\"wpb_column vc_column_container vc_col-sm-6\"><div class=\"vc_column-inner\"><div class=\"wpb_wrapper\">\n\t<div class=\"wpb_text_column wpb_content_element \" >\n\t\t<div class=\"wpb_wrapper\">\n\t\t\t<p><strong>Angaben gem\u00e4\u00df \u00a7 5 TMG:<\/strong><br \/>Francesca Biglieri<br \/>Rohrbacherstr. 67<br \/>69115 Heidelberg<\/p>\n<p>USt.Id-Nr.: DE321396097\u00a0<\/p>\n<p>&nbsp;<\/p>\n<p><strong>Kontakt:<\/strong><\/p>\n<p>Telefon: +49 (0)62217259949<\/p>\n<p>Mobil: +49 (0)176 29101237<\/p>\n<p>E-Mail: francesca@biglieri.de<\/p>\n<p>&nbsp;<\/p>\n\n\t\t<\/div>\n\t<\/div>\n<\/div><\/div><\/div><div class=\"wpb_column vc_column_container vc_col-sm-6\"><div class=\"vc_column-inner\"><div class=\"wpb_wrapper\"><\/div><\/div><\/div><\/div><div class=\"vc_row wpb_row vc_row-fluid dt-default\" style=\"margin-top: 0px;margin-bottom: 0px\"><div class=\"wpb_column vc_column_container vc_col-sm-12\"><div class=\"vc_column-inner\"><div class=\"wpb_wrapper\">\n\t<div class=\"wpb_text_column wpb_content_element \" >\n\t\t<div class=\"wpb_wrapper\">\n\t\t\t<p class=\"font_8\"><strong>Bildnachweise:<\/strong><\/p>\n<p class=\"font_8\">S\u00e4mtliche Bilder sind Eigentum von Francesca Biglieri.<\/p>\n<p class=\"font_8\">Quellen: eigene Bilder, Pexel, Pixabay<\/p>\n<p>&nbsp;<\/p>\n<p class=\"font_8\"><strong>Haftungsausschluss (Disclaimer)<\/strong><\/p>\n<p class=\"font_8\"><strong>Haftung f\u00fcr Inhalte:<\/strong><br \/>Als Diensteanbieter bin ich gem\u00e4\u00df \u00a7 7 Abs. 1 TMG f\u00fcr eigene Inhalte auf diesen Seiten nach den allgemeinen Gesetzen verantwortlich. Nach \u00a7\u00a7 8 bis 10 TMG bin ich als Dienstanbieter jedoch nicht verpflichtet, \u00fcbermittelte oder gespeicherte fremde Informationen zu \u00fcberwachen oder nach Umst\u00e4nden zu forschen, die auf eine rechtswidrige T\u00e4tigkeit hinweisen. Verpflichtungen zur Entfernung oder Sperrung der Nutzung von Informationen nach den allgemeinen Gesetzen bleiben hiervon unber\u00fchrt. Eine diesbez\u00fcgliche Haftung ist jedoch erst ab dem Zeitpunkt der Kenntnis einer konkreten Rechtsverletzung m\u00f6glich. Bei Bekanntwerden von entsprechenden Rechtsverletzungen werde ich diese Inhalte umgehend entfernen.<\/p>\n<p class=\"font_8\"><strong>Haftung f\u00fcr Links:<\/strong><br \/>Mein Angebot enth\u00e4lt Links zu externen Webseiten Dritter, auf deren Inhalte ich keinen Einfluss habe. Deshalb kann ich f\u00fcr diese fremden Inhalte auch keine Gew\u00e4hr \u00fcbernehmen. F\u00fcr die Inhalte der verlinkten Seiten ist stets der jeweilige Anbieter oder Betreiber der Seiten verantwortlich. Die verlinkten Seiten wurden zum Zeitpunkt der Verlinkung auf m\u00f6gliche Rechtsverst\u00f6\u00dfe \u00fcberpr\u00fcft. Rechtswidrige Inhalte waren zum Zeitpunkt der Verlinkung nicht erkennbar. Eine permanente inhaltliche Kontrolle der verlinkten Seiten ist jedoch ohne konkrete Anhaltspunkte einer Rechtsverletzung nicht zumutbar. Bei Bekanntwerden von Rechtsverletzungen werde ich derartige Links umgehend entfernen.<\/p>\n<p class=\"font_8\"><strong>Urheberrecht:<\/strong><br \/>Die durch mich erstellten Inhalte und Werke auf diesen Seiten unterliegen dem deutschen Urheberrecht. Die Vervielf\u00e4ltigung, Bearbeitung, Verbreitung und jede Art der Verwertung au\u00dferhalb der Grenzen des Urheberrechtes bed\u00fcrfen der schriftlichen Zustimmung des jeweiligen Autors bzw. Erstellers. Downloads und Kopien dieser Seite sind nur f\u00fcr den privaten, nicht kommerziellen Gebrauch gestattet. Soweit die Inhalte auf dieser Seite nicht vom Betreiber erstellt wurden, werden die Urheberrechte Dritter beachtet. Insbesondere werden Inhalte Dritter als solche gekennzeichnet. Sollten Sie trotzdem auf eine Urheberrechtsverletzung aufmerksam werden, bitten wir um einen entsprechenden Hinweis.<\/p>\n<p class=\"font_8\">Bei Bekanntwerden von Rechtsverletzungen werden wir derartige Inhalte umgehend entfernen.<\/p>\n\n\t\t<\/div>\n\t<\/div>\n<\/div><\/div><\/div><\/div><\/div>","protected":false},"excerpt":{"rendered":"<p>Angaben gem\u00e4\u00df \u00a7 5 TMG:Francesca BiglieriRohrbacherstr. 6769115 Heidelberg USt.Id-Nr.: DE321396097\u00a0 &nbsp; Kontakt: Telefon: +49 (0)62217259949 Mobil: +49 (0)176 29101237 E-Mail: francesca@biglieri.de &nbsp; Bildnachweise: S\u00e4mtliche Bilder sind Eigentum von Francesca Biglieri. Quellen: eigene Bilder, Pexel, Pixabay &nbsp; Haftungsausschluss (Disclaimer) Haftung f\u00fcr Inhalte:Als Diensteanbieter bin ich gem\u00e4\u00df \u00a7 7 Abs. 1 TMG f\u00fcr eigene Inhalte auf diesen&hellip;<\/p>\n","protected":false},"author":1,"featured_media":0,"parent":0,"menu_order":0,"comment_status":"closed","ping_status":"closed","template":"","meta":{"_monsterinsights_skip_tracking":false,"_monsterinsights_sitenote_active":false,"_monsterinsights_sitenote_note":"","_monsterinsights_sitenote_category":0,"footnotes":""},"class_list":["post-2261","page","type-page","status-publish","hentry","description-off"],"yoast_head":"<!-- This site is optimized with the Yoast SEO plugin v25.6 - https:\/\/yoast.com\/wordpress\/plugins\/seo\/ -->\n<title>Impressum - Italienisch Dolmetscherin<\/title>\n<meta name=\"robots\" content=\"index, follow, max-snippet:-1, max-image-preview:large, max-video-preview:-1\" \/>\n<link rel=\"canonical\" href=\"https:\/\/italienisch-dolmetscherin.de\/de\/impressum\/\" \/>\n<meta property=\"og:locale\" content=\"de_DE\" \/>\n<meta property=\"og:type\" content=\"article\" \/>\n<meta property=\"og:title\" content=\"Impressum - Italienisch Dolmetscherin\" \/>\n<meta property=\"og:url\" content=\"https:\/\/italienisch-dolmetscherin.de\/de\/impressum\/\" \/>\n<meta property=\"og:site_name\" content=\"Italienisch Dolmetscherin\" \/>\n<meta property=\"article:modified_time\" content=\"2025-07-10T13:47:42+00:00\" \/>\n<meta property=\"og:image\" content=\"https:\/\/italienisch-dolmetscherin.de\/wp-content\/uploads\/2023\/03\/Dolmetschen_Pressekonferenz-Automobil-scaled.jpg\" \/>\n\t<meta property=\"og:image:width\" content=\"2560\" \/>\n\t<meta property=\"og:image:height\" content=\"1920\" \/>\n\t<meta property=\"og:image:type\" content=\"image\/jpeg\" \/>\n<meta name=\"twitter:card\" content=\"summary_large_image\" \/>\n<meta name=\"twitter:label1\" content=\"Gesch\u00e4tzte Lesezeit\" \/>\n\t<meta name=\"twitter:data1\" content=\"2\u00a0Minuten\" \/>\n<script type=\"application\/ld+json\" class=\"yoast-schema-graph\">{\"@context\":\"https:\/\/schema.org\",\"@graph\":[{\"@type\":\"WebPage\",\"@id\":\"https:\/\/italienisch-dolmetscherin.de\/impressum\/\",\"url\":\"https:\/\/italienisch-dolmetscherin.de\/impressum\/\",\"name\":\"Impressum - Italienisch Dolmetscherin\",\"isPartOf\":{\"@id\":\"https:\/\/italienisch-dolmetscherin.de\/de_de\/#website\"},\"datePublished\":\"2021-04-16T23:48:57+00:00\",\"dateModified\":\"2025-07-10T13:47:42+00:00\",\"breadcrumb\":{\"@id\":\"https:\/\/italienisch-dolmetscherin.de\/impressum\/#breadcrumb\"},\"inLanguage\":\"de\",\"potentialAction\":[{\"@type\":\"ReadAction\",\"target\":[\"https:\/\/italienisch-dolmetscherin.de\/impressum\/\"]}]},{\"@type\":\"BreadcrumbList\",\"@id\":\"https:\/\/italienisch-dolmetscherin.de\/impressum\/#breadcrumb\",\"itemListElement\":[{\"@type\":\"ListItem\",\"position\":1,\"name\":\"Startseite\",\"item\":\"https:\/\/italienisch-dolmetscherin.de\/de_de\/\"},{\"@type\":\"ListItem\",\"position\":2,\"name\":\"Impressum\"}]},{\"@type\":\"WebSite\",\"@id\":\"https:\/\/italienisch-dolmetscherin.de\/de_de\/#website\",\"url\":\"https:\/\/italienisch-dolmetscherin.de\/de_de\/\",\"name\":\"Italienisch Dolmetscherin\",\"description\":\"Professionelle Dolmetsch- und \u00dcbersetzungsdienstleistungen f\u00fcr die italienische Sprache\",\"publisher\":{\"@id\":\"https:\/\/italienisch-dolmetscherin.de\/de_de\/#\/schema\/person\/4f57a3709f92c46b8f5f2f124fe810aa\"},\"alternateName\":\"Italienisch Dolmetscher\",\"potentialAction\":[{\"@type\":\"SearchAction\",\"target\":{\"@type\":\"EntryPoint\",\"urlTemplate\":\"https:\/\/italienisch-dolmetscherin.de\/de_de\/?s={search_term_string}\"},\"query-input\":{\"@type\":\"PropertyValueSpecification\",\"valueRequired\":true,\"valueName\":\"search_term_string\"}}],\"inLanguage\":\"de\"},{\"@type\":[\"Person\",\"Organization\"],\"@id\":\"https:\/\/italienisch-dolmetscherin.de\/de_de\/#\/schema\/person\/4f57a3709f92c46b8f5f2f124fe810aa\",\"name\":\"Italienisch-Dolmetscherin\",\"image\":{\"@type\":\"ImageObject\",\"inLanguage\":\"de\",\"@id\":\"https:\/\/italienisch-dolmetscherin.de\/de_de\/#\/schema\/person\/image\/\",\"url\":\"https:\/\/italienisch-dolmetscherin.de\/wp-content\/uploads\/2023\/03\/admin-ajax.png\",\"contentUrl\":\"https:\/\/italienisch-dolmetscherin.de\/wp-content\/uploads\/2023\/03\/admin-ajax.png\",\"width\":109,\"height\":131,\"caption\":\"Italienisch-Dolmetscherin\"},\"logo\":{\"@id\":\"https:\/\/italienisch-dolmetscherin.de\/de_de\/#\/schema\/person\/image\/\"},\"sameAs\":[\"https:\/\/italienisch-dolmetscherin.de\"]}]}<\/script>\n<!-- \/ Yoast SEO plugin. -->","yoast_head_json":{"title":"Impressum - Italienisch Dolmetscherin","robots":{"index":"index","follow":"follow","max-snippet":"max-snippet:-1","max-image-preview":"max-image-preview:large","max-video-preview":"max-video-preview:-1"},"canonical":"https:\/\/italienisch-dolmetscherin.de\/de\/impressum\/","og_locale":"de_DE","og_type":"article","og_title":"Impressum - Italienisch Dolmetscherin","og_url":"https:\/\/italienisch-dolmetscherin.de\/de\/impressum\/","og_site_name":"Italienisch Dolmetscherin","article_modified_time":"2025-07-10T13:47:42+00:00","og_image":[{"width":2560,"height":1920,"url":"https:\/\/italienisch-dolmetscherin.de\/wp-content\/uploads\/2023\/03\/Dolmetschen_Pressekonferenz-Automobil-scaled.jpg","type":"image\/jpeg"}],"twitter_card":"summary_large_image","twitter_misc":{"Gesch\u00e4tzte Lesezeit":"2\u00a0Minuten"},"schema":{"@context":"https:\/\/schema.org","@graph":[{"@type":"WebPage","@id":"https:\/\/italienisch-dolmetscherin.de\/impressum\/","url":"https:\/\/italienisch-dolmetscherin.de\/impressum\/","name":"Impressum - Italienisch Dolmetscherin","isPartOf":{"@id":"https:\/\/italienisch-dolmetscherin.de\/de_de\/#website"},"datePublished":"2021-04-16T23:48:57+00:00","dateModified":"2025-07-10T13:47:42+00:00","breadcrumb":{"@id":"https:\/\/italienisch-dolmetscherin.de\/impressum\/#breadcrumb"},"inLanguage":"de","potentialAction":[{"@type":"ReadAction","target":["https:\/\/italienisch-dolmetscherin.de\/impressum\/"]}]},{"@type":"BreadcrumbList","@id":"https:\/\/italienisch-dolmetscherin.de\/impressum\/#breadcrumb","itemListElement":[{"@type":"ListItem","position":1,"name":"Startseite","item":"https:\/\/italienisch-dolmetscherin.de\/de_de\/"},{"@type":"ListItem","position":2,"name":"Impressum"}]},{"@type":"WebSite","@id":"https:\/\/italienisch-dolmetscherin.de\/de_de\/#website","url":"https:\/\/italienisch-dolmetscherin.de\/de_de\/","name":"Italienisch Dolmetscherin","description":"Professionelle Dolmetsch- und \u00dcbersetzungsdienstleistungen f\u00fcr die italienische Sprache","publisher":{"@id":"https:\/\/italienisch-dolmetscherin.de\/de_de\/#\/schema\/person\/4f57a3709f92c46b8f5f2f124fe810aa"},"alternateName":"Italienisch Dolmetscher","potentialAction":[{"@type":"SearchAction","target":{"@type":"EntryPoint","urlTemplate":"https:\/\/italienisch-dolmetscherin.de\/de_de\/?s={search_term_string}"},"query-input":{"@type":"PropertyValueSpecification","valueRequired":true,"valueName":"search_term_string"}}],"inLanguage":"de"},{"@type":["Person","Organization"],"@id":"https:\/\/italienisch-dolmetscherin.de\/de_de\/#\/schema\/person\/4f57a3709f92c46b8f5f2f124fe810aa","name":"Italienisch-Dolmetscherin","image":{"@type":"ImageObject","inLanguage":"de","@id":"https:\/\/italienisch-dolmetscherin.de\/de_de\/#\/schema\/person\/image\/","url":"https:\/\/italienisch-dolmetscherin.de\/wp-content\/uploads\/2023\/03\/admin-ajax.png","contentUrl":"https:\/\/italienisch-dolmetscherin.de\/wp-content\/uploads\/2023\/03\/admin-ajax.png","width":109,"height":131,"caption":"Italienisch-Dolmetscherin"},"logo":{"@id":"https:\/\/italienisch-dolmetscherin.de\/de_de\/#\/schema\/person\/image\/"},"sameAs":["https:\/\/italienisch-dolmetscherin.de"]}]}},"_links":{"self":[{"href":"https:\/\/italienisch-dolmetscherin.de\/de\/wp-json\/wp\/v2\/pages\/2261"}],"collection":[{"href":"https:\/\/italienisch-dolmetscherin.de\/de\/wp-json\/wp\/v2\/pages"}],"about":[{"href":"https:\/\/italienisch-dolmetscherin.de\/de\/wp-json\/wp\/v2\/types\/page"}],"author":[{"embeddable":true,"href":"https:\/\/italienisch-dolmetscherin.de\/de\/wp-json\/wp\/v2\/users\/1"}],"replies":[{"embeddable":true,"href":"https:\/\/italienisch-dolmetscherin.de\/de\/wp-json\/wp\/v2\/comments?post=2261"}],"version-history":[{"count":7,"href":"https:\/\/italienisch-dolmetscherin.de\/de\/wp-json\/wp\/v2\/pages\/2261\/revisions"}],"predecessor-version":[{"id":3511,"href":"https:\/\/italienisch-dolmetscherin.de\/de\/wp-json\/wp\/v2\/pages\/2261\/revisions\/3511"}],"wp:attachment":[{"href":"https:\/\/italienisch-dolmetscherin.de\/de\/wp-json\/wp\/v2\/media?parent=2261"}],"curies":[{"name":"wp","href":"https:\/\/api.w.org\/{rel}","templated":true}]}}